

{"id":4400,"date":"2021-05-26T13:20:09","date_gmt":"2021-05-26T13:20:09","guid":{"rendered":"https:\/\/www.puzzlemoments.eu\/odtlacok\/"},"modified":"2021-05-26T13:20:09","modified_gmt":"2021-05-26T13:20:09","slug":"odtlacok","status":"publish","type":"page","link":"https:\/\/www.puzzlemoments.eu\/sk\/odtlacok\/","title":{"rendered":"Odtla\u010dok"},"content":{"rendered":"<p>Spr\u00e1vca str\u00e1nky:<\/p>\n<p>N\u00e1zov: Expansion Kft<br \/>\nDa\u0148ov\u00e9 \u010d\u00edslo: 26206543-2-03<br \/>\nAdresa: 6230 Soltvadkert Kiss Ern\u0151 utca 75<\/p>\n<p>Webov\u00e1 str\u00e1nka: https:\/\/www.puzzlemoments.eu<\/p>\n<p>E-mailov\u00e1 adresa: info@puzzlemoments.eu<\/p>\n<p>Telef\u00f3nne \u010d\u00edslo: +36 30 654 1154<\/p>\n<p>&nbsp;<\/p>\n<p>Spravuje hosting webovej str\u00e1nky:<\/p>\n<p>Telesto Marketing<\/p>\n<p>Webov\u00e1 str\u00e1nka: www.telesto.hu<br \/>\nE-mailov\u00e1 adresa: info@telesto.hu<\/p>\n<p>Hostingov\u00fd server poskytnut\u00fd spolo\u010dnos\u0165ou Dotroll<\/p>\n<p>&nbsp;<\/p>\n<p>&nbsp;<\/p>\n","protected":false},"excerpt":{"rendered":"<p>Spr\u00e1vca str\u00e1nky: N\u00e1zov: Expansion Kft Da\u0148ov\u00e9 \u010d\u00edslo: 26206543-2-03 Adresa: 6230 Soltvadkert Kiss Ern\u0151 utca 75 Webov\u00e1 str\u00e1nka: https:\/\/www.puzzlemoments.eu E-mailov\u00e1 adresa: info@puzzlemoments.eu Telef\u00f3nne \u010d\u00edslo: +36 30 654 1154 &nbsp; Spravuje hosting webovej str\u00e1nky: Telesto Marketing Webov\u00e1 str\u00e1nka: www.telesto.hu E-mailov\u00e1 adresa: info@telesto.hu Hostingov\u00fd server poskytnut\u00fd spolo\u010dnos\u0165ou Dotroll &nbsp; &nbsp;<\/p>\n","protected":false},"author":2,"featured_media":0,"parent":0,"menu_order":0,"comment_status":"closed","ping_status":"closed","template":"","meta":{"_et_pb_use_builder":"","_et_pb_old_content":"","_et_gb_content_width":"","footnotes":""},"class_list":["post-4400","page","type-page","status-publish","hentry"],"acf":[],"_links":{"self":[{"href":"https:\/\/www.puzzlemoments.eu\/sk\/wp-json\/wp\/v2\/pages\/4400","targetHints":{"allow":["GET"]}}],"collection":[{"href":"https:\/\/www.puzzlemoments.eu\/sk\/wp-json\/wp\/v2\/pages"}],"about":[{"href":"https:\/\/www.puzzlemoments.eu\/sk\/wp-json\/wp\/v2\/types\/page"}],"author":[{"embeddable":true,"href":"https:\/\/www.puzzlemoments.eu\/sk\/wp-json\/wp\/v2\/users\/2"}],"replies":[{"embeddable":true,"href":"https:\/\/www.puzzlemoments.eu\/sk\/wp-json\/wp\/v2\/comments?post=4400"}],"version-history":[{"count":0,"href":"https:\/\/www.puzzlemoments.eu\/sk\/wp-json\/wp\/v2\/pages\/4400\/revisions"}],"wp:attachment":[{"href":"https:\/\/www.puzzlemoments.eu\/sk\/wp-json\/wp\/v2\/media?parent=4400"}],"curies":[{"name":"wp","href":"https:\/\/api.w.org\/{rel}","templated":true}]}}