

{"id":4510,"date":"2022-01-26T08:39:28","date_gmt":"2022-01-26T08:39:28","guid":{"rendered":"https:\/\/www.puzzlemoments.eu\/drevene-puzzle-so-zvieratami\/"},"modified":"2023-11-05T14:27:29","modified_gmt":"2023-11-05T14:27:29","slug":"drevene-puzzle-so-zvieratami","status":"publish","type":"page","link":"https:\/\/www.puzzlemoments.eu\/sk\/drevene-puzzle-so-zvieratami\/","title":{"rendered":"Dreven\u00e9 puzzle so zvieratami"},"content":{"rendered":"<p>[et_pb_section fb_built=&#8221;1&#8243; _builder_version=&#8221;4.16&#8243; _module_preset=&#8221;default&#8221; custom_padding=&#8221;||5px|||&#8221; global_colors_info=&#8221;{}&#8221;][et_pb_row _builder_version=&#8221;4.16&#8243; _module_preset=&#8221;default&#8221; global_colors_info=&#8221;{}&#8221;][et_pb_column type=&#8221;4_4&#8243; _builder_version=&#8221;4.16&#8243; _module_preset=&#8221;default&#8221; global_colors_info=&#8221;{}&#8221;][et_pb_text _builder_version=&#8221;4.20.0&#8243; _module_preset=&#8221;default&#8221; header_font_size=&#8221;35px&#8221; background_pattern_repeat_origin=&#8221;bottom_right&#8221; background_pattern_horizontal_offset=&#8221;100%&#8221; background_pattern_vertical_offset=&#8221;-21%&#8221; custom_margin=&#8221;||||false|false&#8221; custom_padding=&#8221;||||false|false&#8221; global_colors_info=&#8221;{}&#8221;]<\/p>\n<h1 style=\"text-align: center;\">Na\u0161e najob\u013e\u00fabenej\u0161ie dreven\u00e9 puzzle so zvieratami<\/h1>\n<p>[\/et_pb_text][\/et_pb_column][\/et_pb_row][et_pb_row _builder_version=&#8221;4.16&#8243; _module_preset=&#8221;default&#8221; global_colors_info=&#8221;{}&#8221;][et_pb_column type=&#8221;4_4&#8243; _builder_version=&#8221;4.16&#8243; _module_preset=&#8221;default&#8221; global_colors_info=&#8221;{}&#8221;][et_pb_shop type=&#8221;product_category&#8221; posts_number=&#8221;6&#8243; include_categories=&#8221;15&#8243; columns_number=&#8221;3&#8243; orderby=&#8221;popularity&#8221; sale_badge_color=&#8221;#55a630&#8243; icon_hover_color=&#8221;rgba(255,255,255,0)&#8221; hover_overlay_color=&#8221;rgba(255,255,255,0.3)&#8221; show_rating=&#8221;off&#8221; _builder_version=&#8221;4.20.0&#8243; _module_preset=&#8221;default&#8221; sale_badge_custom_padding=&#8221;0px|10px|0px|10px|true|true&#8221; title_font=&#8221;|700|||||||&#8221; title_text_align=&#8221;center&#8221; title_font_size=&#8221;23px&#8221; price_font=&#8221;|700|||||||&#8221; price_text_align=&#8221;center&#8221; price_text_color=&#8221;#ee7f1a&#8221; price_font_size=&#8221;20px&#8221; price_letter_spacing=&#8221;1px&#8221; sale_price_font=&#8221;|800|||||||&#8221; sale_price_text_color=&#8221;#55a630&#8243; rating_text_align=&#8221;center&#8221; rating_text_color=&#8221;#f7d91b&#8221; global_colors_info=&#8221;{}&#8221;][\/et_pb_shop][\/et_pb_column][\/et_pb_row][\/et_pb_section][et_pb_section fb_built=&#8221;1&#8243; disabled_on=&#8221;off|off|off&#8221; _builder_version=&#8221;4.17.4&#8243; _module_preset=&#8221;default&#8221; background_enable_color=&#8221;off&#8221; custom_padding=&#8221;0px||0px||true|false&#8221; global_colors_info=&#8221;{}&#8221;][et_pb_row _builder_version=&#8221;4.16&#8243; _module_preset=&#8221;default&#8221; global_colors_info=&#8221;{}&#8221;][et_pb_column type=&#8221;4_4&#8243; _builder_version=&#8221;4.16&#8243; _module_preset=&#8221;default&#8221; global_colors_info=&#8221;{}&#8221;][et_pb_text _builder_version=&#8221;4.20.0&#8243; _module_preset=&#8221;default&#8221; header_2_text_align=&#8221;center&#8221; header_2_font_size=&#8221;30px&#8221; global_colors_info=&#8221;{}&#8221;]<\/p>\n<h2>Zobrazi\u0165 v\u0161etky dreven\u00e9 puzzle so zvieratami<\/h2>\n<p>[\/et_pb_text][et_pb_divider color=&#8221;#E09900&#8243; divider_position=&#8221;center&#8221; divider_weight=&#8221;2px&#8221; _builder_version=&#8221;4.20.0&#8243; _module_preset=&#8221;default&#8221; background_enable_color=&#8221;off&#8221; width=&#8221;75%&#8221; module_alignment=&#8221;center&#8221; global_colors_info=&#8221;{}&#8221;][\/et_pb_divider][et_pb_text _builder_version=&#8221;4.20.0&#8243; _module_preset=&#8221;default&#8221; header_2_font_size=&#8221;30px&#8221; header_2_line_height=&#8221;1.2em&#8221; header_2_font_size_tablet=&#8221;30px&#8221; header_2_font_size_phone=&#8221;20px&#8221; header_2_font_size_last_edited=&#8221;on|phone&#8221; global_colors_info=&#8221;{}&#8221;]<\/p>\n<h3 style=\"text-align: center;\">Zvieracie dreven\u00e9 puzzle na tr\u00e1venie vz\u00e1cneho \u010dasu s priate\u013emi alebo rodinou<\/h3>\n<p>[\/et_pb_text][et_pb_shop type=&#8221;product_category&#8221; posts_number=&#8221;15&#8243; include_categories=&#8221;15&#8243; columns_number=&#8221;4&#8243; orderby=&#8221;rating&#8221; sale_badge_color=&#8221;#55a630&#8243; icon_hover_color=&#8221;rgba(255,255,255,0)&#8221; hover_overlay_color=&#8221;rgba(255,255,255,0.3)&#8221; show_rating=&#8221;off&#8221; _builder_version=&#8221;4.20.0&#8243; _module_preset=&#8221;default&#8221; sale_badge_custom_padding=&#8221;0px|10px|0px|10px|true|true&#8221; title_font=&#8221;|700|||||||&#8221; title_text_align=&#8221;center&#8221; title_font_size=&#8221;23px&#8221; price_font=&#8221;|700|||||||&#8221; price_text_align=&#8221;center&#8221; price_text_color=&#8221;#ee7f1a&#8221; price_font_size=&#8221;20px&#8221; price_letter_spacing=&#8221;1px&#8221; sale_price_font=&#8221;|800|||||||&#8221; sale_price_text_color=&#8221;#55a630&#8243; rating_text_align=&#8221;center&#8221; rating_text_color=&#8221;#f7d91b&#8221; global_colors_info=&#8221;{}&#8221;][\/et_pb_shop][\/et_pb_column][\/et_pb_row][\/et_pb_section][et_pb_section fb_built=&#8221;1&#8243; prev_background_color=&#8221;#ffffff&#8221; next_background_color=&#8221;#ffffff&#8221; _builder_version=&#8221;4.17.4&#8243; _module_preset=&#8221;default&#8221; background_color=&#8221;#d4dbf4&#8243; top_divider_style=&#8221;wave2&#8243; bottom_divider_style=&#8221;wave2&#8243; global_colors_info=&#8221;{}&#8221;][et_pb_row column_structure=&#8221;1_3,1_3,1_3&#8243; _builder_version=&#8221;4.17.4&#8243; _module_preset=&#8221;default&#8221; custom_margin=&#8221;50px||50px||true|false&#8221; global_colors_info=&#8221;{}&#8221;][et_pb_column type=&#8221;1_3&#8243; _builder_version=&#8221;4.16&#8243; _module_preset=&#8221;default&#8221; global_colors_info=&#8221;{}&#8221;][et_pb_blurb title=&#8221;Ka\u017ed\u00fd k\u00fasok sklada\u010dky je jedine\u010dn\u00fd&#8221; image=&#8221;https:\/\/www.puzzlemoments.eu\/wp-content\/uploads\/2022\/01\/szarvas_6.jpg&#8221; alt=&#8221;Dreven\u00e9 puzzle so zvieratami&#8221; _builder_version=&#8221;4.22.2&#8243; _module_preset=&#8221;default&#8221; header_text_align=&#8221;center&#8221; body_text_align=&#8221;center&#8221; body_font_size=&#8221;16px&#8221; body_line_height=&#8221;1.8em&#8221; global_colors_info=&#8221;{}&#8221;]<\/p>\n<p>Aby sme sa uistili, \u017ee ka\u017ed\u00fd dielik puzzle dokonale zapad\u00e1, pri v\u00fdrobe pou\u017e\u00edvame n\u00e1\u0161 laserov\u00fd rezac\u00ed stroj.<\/p>\n<p>[\/et_pb_blurb][\/et_pb_column][et_pb_column type=&#8221;1_3&#8243; _builder_version=&#8221;4.16&#8243; _module_preset=&#8221;default&#8221; global_colors_info=&#8221;{}&#8221;][et_pb_blurb title=&#8221;Dod\u00e1va sa v krabici vyrobenej na mieru&#8221; image=&#8221;https:\/\/www.puzzlemoments.eu\/wp-content\/uploads\/2021\/05\/farkas_kek_2.jpg&#8221; alt=&#8221;Dreven\u00e9 puzzle so zvieratami&#8221; _builder_version=&#8221;4.22.2&#8243; _module_preset=&#8221;default&#8221; header_text_align=&#8221;center&#8221; header_line_height=&#8221;1.1em&#8221; body_text_align=&#8221;center&#8221; body_font_size=&#8221;16px&#8221; body_line_height=&#8221;1.8em&#8221; global_colors_info=&#8221;{}&#8221;]<\/p>\n<p>Na\u0161e krabice s\u00fa vyr\u00e1ban\u00e9 individu\u00e1lne, aby bol ka\u017ed\u00fd v\u00fdrobok e\u0161te v\u00fdnimo\u010dnej\u0161\u00ed<\/p>\n<p>[\/et_pb_blurb][\/et_pb_column][et_pb_column type=&#8221;1_3&#8243; _builder_version=&#8221;4.16&#8243; _module_preset=&#8221;default&#8221; global_colors_info=&#8221;{}&#8221;][et_pb_blurb title=&#8221;Pou\u017e\u00edvame najlep\u0161ie materi\u00e1ly&#8221; image=&#8221;https:\/\/www.puzzlemoments.eu\/wp-content\/uploads\/2022\/10\/tigris_8.jpg&#8221; alt=&#8221;Tiger Dreven\u00e9 Puzzle&#8221; _builder_version=&#8221;4.22.2&#8243; _module_preset=&#8221;default&#8221; header_text_align=&#8221;center&#8221; body_text_align=&#8221;center&#8221; body_font_size=&#8221;16px&#8221; body_line_height=&#8221;1.8em&#8221; global_colors_info=&#8221;{}&#8221;]<\/p>\n<p>Na\u0161e dreven\u00e9 puzzle sa vyr\u00e1baj\u00fa v\u00fdlu\u010dne z kvalitn\u00e9ho topo\u013eov\u00e9ho dreva z E\u00da.<\/p>\n<p>[\/et_pb_blurb][\/et_pb_column][\/et_pb_row][\/et_pb_section][et_pb_section fb_built=&#8221;1&#8243; _builder_version=&#8221;4.17.4&#8243; _module_preset=&#8221;default&#8221; background_enable_color=&#8221;off&#8221; custom_margin=&#8221;||||false|false&#8221; custom_padding=&#8221;4px||21px||false|false&#8221; global_colors_info=&#8221;{}&#8221;][et_pb_row column_structure=&#8221;1_3,1_3,1_3&#8243; _builder_version=&#8221;4.17.4&#8243; _module_preset=&#8221;default&#8221; custom_margin=&#8221;25px||25px||true|false&#8221; global_colors_info=&#8221;{}&#8221;][et_pb_column type=&#8221;1_3&#8243; _builder_version=&#8221;4.16&#8243; _module_preset=&#8221;default&#8221; global_colors_info=&#8221;{}&#8221;][et_pb_blurb title=&#8221;Vysok\u00e1 kvalita&#8221; use_icon=&#8221;on&#8221; font_icon=&#8221;&#xe031;||divi||400&#8243; icon_color=&#8221;rgba(0,0,0,0.8)&#8221; image_icon_width=&#8221;50px&#8221; _builder_version=&#8221;4.16&#8243; _module_preset=&#8221;default&#8221; header_text_align=&#8221;center&#8221; header_font_size=&#8221;20px&#8221; text_orientation=&#8221;center&#8221; icon_font_size=&#8221;50px&#8221; global_colors_info=&#8221;{}&#8221;][\/et_pb_blurb][\/et_pb_column][et_pb_column type=&#8221;1_3&#8243; _builder_version=&#8221;4.16&#8243; _module_preset=&#8221;default&#8221; global_colors_info=&#8221;{}&#8221;][et_pb_blurb title=&#8221;R\u00fdchle dodanie&#8221; use_icon=&#8221;on&#8221; font_icon=&#8221;&#xe009;||divi||400&#8243; icon_color=&#8221;rgba(0,0,0,0.8)&#8221; image_icon_width=&#8221;50px&#8221; _builder_version=&#8221;4.20.0&#8243; _module_preset=&#8221;default&#8221; header_text_align=&#8221;center&#8221; header_font_size=&#8221;20px&#8221; icon_font_size=&#8221;50px&#8221; global_colors_info=&#8221;{}&#8221;][\/et_pb_blurb][\/et_pb_column][et_pb_column type=&#8221;1_3&#8243; _builder_version=&#8221;4.16&#8243; _module_preset=&#8221;default&#8221; global_colors_info=&#8221;{}&#8221;][et_pb_blurb title=&#8221;Pohodln\u00e1 platba&#8221; use_icon=&#8221;on&#8221; font_icon=&#8221;&#xe100;||divi||400&#8243; icon_color=&#8221;rgba(0,0,0,0.8)&#8221; image_icon_width=&#8221;50px&#8221; _builder_version=&#8221;4.16&#8243; _module_preset=&#8221;default&#8221; header_text_align=&#8221;center&#8221; header_font_size=&#8221;20px&#8221; icon_font_size=&#8221;50px&#8221; global_colors_info=&#8221;{}&#8221;][\/et_pb_blurb][\/et_pb_column][\/et_pb_row][\/et_pb_section][et_pb_section fb_built=&#8221;1&#8243; _builder_version=&#8221;4.17.4&#8243; _module_preset=&#8221;default&#8221; background_color=&#8221;rgba(0,0,0,0.2)&#8221; background_image=&#8221;https:\/\/www.puzzlemoments.eu\/wp-content\/uploads\/2022\/10\/boritokep.jpg&#8221; background_blend=&#8221;color-dodge&#8221; global_colors_info=&#8221;{}&#8221;][et_pb_row column_structure=&#8221;1_2,1_2&#8243; _builder_version=&#8221;4.17.4&#8243; _module_preset=&#8221;default&#8221; global_colors_info=&#8221;{}&#8221;][et_pb_column type=&#8221;1_2&#8243; _builder_version=&#8221;4.17.4&#8243; _module_preset=&#8221;default&#8221; global_colors_info=&#8221;{}&#8221;][\/et_pb_column][et_pb_column type=&#8221;1_2&#8243; _builder_version=&#8221;4.17.4&#8243; _module_preset=&#8221;default&#8221; global_colors_info=&#8221;{}&#8221;][et_pb_text _builder_version=&#8221;4.17.4&#8243; _module_preset=&#8221;default&#8221; header_3_font=&#8221;|600|||||||&#8221; header_3_text_color=&#8221;rgba(0,0,0,0.9)&#8221; header_3_font_size=&#8221;35px&#8221; header_3_line_height=&#8221;1.1em&#8221; header_4_text_color=&#8221;#FFFFFF&#8221; header_4_font_size=&#8221;25px&#8221; header_4_line_height=&#8221;1.4em&#8221; custom_margin=&#8221;||2px|||&#8221; header_4_font_size_tablet=&#8221;25px&#8221; header_4_font_size_phone=&#8221;20px&#8221; header_4_font_size_last_edited=&#8221;on|phone&#8221; header_4_line_height_tablet=&#8221;1.4em&#8221; header_4_line_height_phone=&#8221;1.7em&#8221; header_4_line_height_last_edited=&#8221;on|phone&#8221; global_colors_info=&#8221;{}&#8221;]<\/p>\n<h4 style=\"text-align: left;\">H\u013ead\u00e1te kreat\u00edvny, jedine\u010dn\u00fd dar\u010dek, ktor\u00fd nen\u00e1jdete v ka\u017edom druhom v\u00fdklade?<b><br \/><\/b><\/h4>\n<p>&nbsp;<\/p>\n<p>[\/et_pb_text][et_pb_text _builder_version=&#8221;4.17.4&#8243; _module_preset=&#8221;default&#8221; text_font=&#8221;||||||||&#8221; text_text_color=&#8221;#FFFFFF&#8221; text_line_height=&#8221;1.4em&#8221; header_4_font=&#8221;||||||||&#8221; header_4_text_align=&#8221;center&#8221; header_4_font_size=&#8221;22px&#8221; header_4_line_height=&#8221;1.4em&#8221; text_orientation=&#8221;center&#8221; custom_padding=&#8221;||12px|||&#8221; text_font_size_tablet=&#8221;&#8221; text_font_size_phone=&#8221;15px&#8221; text_font_size_last_edited=&#8221;on|phone&#8221; text_line_height_tablet=&#8221;1.4em&#8221; text_line_height_phone=&#8221;1.6em&#8221; text_line_height_last_edited=&#8221;on|phone&#8221; global_colors_info=&#8221;{}&#8221;]<\/p>\n<p style=\"text-align: left;\">Darujte svojim bl\u00edzkym jedine\u010dn\u00fd dar\u010dek, ktor\u00fd si bud\u00fa v\u00e1\u017ei\u0165. Na\u0161e dreven\u00e9 puzzle zvieratk\u00e1 s\u00fa ru\u010dne kreslen\u00e9 dreven\u00e9 puzzle pr\u00e9miovej kvality! Vyberte si z r\u00f4znych zvierat a \u0161t\u00fdlov. Odpor\u00fa\u010dame ho na narodeniny, Vianoce alebo ak\u00fako\u013evek rodinn\u00fa pr\u00edle\u017eitos\u0165.<\/p>\n<p>[\/et_pb_text][et_pb_button button_url=&#8221;@ET-DC@eyJkeW5hbWljIjp0cnVlLCJjb250ZW50IjoicG9zdF9saW5rX3VybF9wYWdlIiwic2V0dGluZ3MiOnsicG9zdF9pZCI6IjE1MzkifX0=@&#8221; button_text=&#8221;K\u00fapi\u0165 od&#8221; button_alignment=&#8221;left&#8221; _builder_version=&#8221;4.17.4&#8243; _dynamic_attributes=&#8221;button_url&#8221; _module_preset=&#8221;default&#8221; custom_button=&#8221;on&#8221; button_text_size=&#8221;22px&#8221; button_text_color=&#8221;#FFFFFF&#8221; button_bg_color=&#8221;#55a630&#8243; button_border_color=&#8221;#55a630&#8243; button_border_radius=&#8221;3px&#8221; button_letter_spacing=&#8221;1px&#8221; button_icon=&#8221;&#x24;||divi||400&#8243; button_icon_color=&#8221;#FFFFFF&#8221; custom_margin=&#8221;||50px||false|false&#8221; box_shadow_style=&#8221;preset1&#8243; global_colors_info=&#8221;{}&#8221;][\/et_pb_button][\/et_pb_column][\/et_pb_row][\/et_pb_section]<\/p>\n","protected":false},"excerpt":{"rendered":"<p>Na\u0161e najob\u013e\u00fabenej\u0161ie dreven\u00e9 puzzle so zvieratamiZobrazi\u0165 v\u0161etky dreven\u00e9 puzzle so zvieratamiZvieracie dreven\u00e9 puzzle na tr\u00e1venie vz\u00e1cneho \u010dasu s priate\u013emi alebo rodinouAby sme sa uistili, \u017ee ka\u017ed\u00fd dielik puzzle dokonale zapad\u00e1, pri v\u00fdrobe pou\u017e\u00edvame n\u00e1\u0161 laserov\u00fd rezac\u00ed stroj.Na\u0161e krabice s\u00fa vyr\u00e1ban\u00e9 individu\u00e1lne, aby bol ka\u017ed\u00fd v\u00fdrobok e\u0161te v\u00fdnimo\u010dnej\u0161\u00edNa\u0161e dreven\u00e9 puzzle sa vyr\u00e1baj\u00fa v\u00fdlu\u010dne z kvalitn\u00e9ho topo\u013eov\u00e9ho [&hellip;]<\/p>\n","protected":false},"author":2,"featured_media":0,"parent":0,"menu_order":0,"comment_status":"closed","ping_status":"closed","template":"","meta":{"_et_pb_use_builder":"on","_et_pb_old_content":"","_et_gb_content_width":"","footnotes":""},"class_list":["post-4510","page","type-page","status-publish","hentry"],"acf":[],"_links":{"self":[{"href":"https:\/\/www.puzzlemoments.eu\/sk\/wp-json\/wp\/v2\/pages\/4510","targetHints":{"allow":["GET"]}}],"collection":[{"href":"https:\/\/www.puzzlemoments.eu\/sk\/wp-json\/wp\/v2\/pages"}],"about":[{"href":"https:\/\/www.puzzlemoments.eu\/sk\/wp-json\/wp\/v2\/types\/page"}],"author":[{"embeddable":true,"href":"https:\/\/www.puzzlemoments.eu\/sk\/wp-json\/wp\/v2\/users\/2"}],"replies":[{"embeddable":true,"href":"https:\/\/www.puzzlemoments.eu\/sk\/wp-json\/wp\/v2\/comments?post=4510"}],"version-history":[{"count":2,"href":"https:\/\/www.puzzlemoments.eu\/sk\/wp-json\/wp\/v2\/pages\/4510\/revisions"}],"predecessor-version":[{"id":4512,"href":"https:\/\/www.puzzlemoments.eu\/sk\/wp-json\/wp\/v2\/pages\/4510\/revisions\/4512"}],"wp:attachment":[{"href":"https:\/\/www.puzzlemoments.eu\/sk\/wp-json\/wp\/v2\/media?parent=4510"}],"curies":[{"name":"wp","href":"https:\/\/api.w.org\/{rel}","templated":true}]}}