

{"id":4682,"date":"2023-11-19T21:42:12","date_gmt":"2023-11-19T21:42:12","guid":{"rendered":"https:\/\/www.puzzlemoments.eu\/zasady-dorucovania\/"},"modified":"2023-11-24T19:29:43","modified_gmt":"2023-11-24T19:29:43","slug":"zasady-dorucovania","status":"publish","type":"page","link":"https:\/\/www.puzzlemoments.eu\/sk\/zasady-dorucovania\/","title":{"rendered":"Z\u00e1sady doru\u010dovania"},"content":{"rendered":"<header class=\"entry-header\">\n<h1 class=\"entry-title\">Dopravn\u00e9 predpisy<\/h1>\n<\/header>\n<div id=\"primary\" class=\"content-area\">\n<p>Krajiny prepravy: Rak\u00fasko, Slovensko<\/p>\n<p>Slu\u017eba doru\u010dovania bal\u00edkov: Express One<\/p>\n<div id=\"post-6995\" class=\"post-6995 page type-page status-publish hentry\">\n<div class=\"entry-content\">\n<div class=\"elementor elementor-6995\" data-elementor-type=\"wp-page\" data-elementor-id=\"6995\" data-elementor-post-type=\"page\">\n<section class=\"elementor-section elementor-top-section elementor-element elementor-element-3a9f5e5 elementor-section-boxed elementor-section-height-default elementor-section-height-default\" data-id=\"3a9f5e5\" data-element_type=\"section\">\n<div class=\"elementor-container elementor-column-gap-default\">\n<div class=\"elementor-column elementor-col-100 elementor-top-column elementor-element elementor-element-67199b5\" data-id=\"67199b5\" data-element_type=\"column\">\n<div class=\"elementor-widget-wrap elementor-element-populated\">\n<div class=\"elementor-element elementor-element-a47f53f elementor-widget elementor-widget-text-editor\" data-id=\"a47f53f\" data-element_type=\"widget\" data-widget_type=\"text-editor.default\">\n<div class=\"elementor-widget-container\">\n<p>Objednan\u00edm produktu z tejto webovej str\u00e1nky (https:\/\/www.puzzlemoments.eu) s\u00fahlas\u00edte s nasleduj\u00facimi podmienkami, ako aj so v\u0161eobecn\u00fdmi podmienkami. Tie zabezpe\u010duj\u00fa, \u017ee obe strany s\u00fa si vedom\u00e9 tejto dohody a s\u00fahlasia so vz\u00e1jomnou ochranou a o\u010dak\u00e1vaniami od na\u0161ich slu\u017eieb.<\/p>\n<p>1. V\u0161eobecne<br \/>\nDo vypredania z\u00e1sob. Na na\u0161ej webovej str\u00e1nke sa sna\u017e\u00edme udr\u017eiava\u0165 presn\u00e9 skladov\u00e9 z\u00e1soby, ale z \u010dasu na \u010das sa m\u00f4\u017ee sta\u0165, \u017ee sa po\u010det v\u00fdrobkov na sklade l\u00ed\u0161i a v \u010dase n\u00e1kupu nebudeme m\u00f4c\u0165 vybavi\u0165 cel\u00fa va\u0161u objedn\u00e1vku. V takom pr\u00edpade v\u00e1m za\u0161leme dostupn\u00e9 produkty a budeme v\u00e1s kontaktova\u0165, aby sme zistili, \u010di chcete po\u010dka\u0165 na op\u00e4tovn\u00e9 objednanie produktov, alebo \u010di chcete rad\u0161ej vr\u00e1ti\u0165 peniaze.<\/p>\n<p>2. N\u00e1klady na dopravu<br \/>\nN\u00e1klady na dopravu sa vypo\u010d\u00edtaj\u00fa v \u010dase platby na z\u00e1klade hmotnosti, ve\u013ekosti a miesta ur\u010denia v\u00fdrobkov v objedn\u00e1vke. Doru\u010denie sa \u00fa\u010dtuje v \u010dase n\u00e1kupu, pokia\u013e nie je doru\u010denie bezplatn\u00e9 na z\u00e1klade propaga\u010dnej akcie alebo nie je zahrnut\u00e9 v objedn\u00e1vke. T\u00e1to cena bude kone\u010dn\u00e1 cena s n\u00e1kladmi na doru\u010denie pre z\u00e1kazn\u00edka.<\/p>\n<p>3. N\u00e1vraty<br \/>\n3.1 Vr\u00e1tenie na op\u00e4tovn\u00e9 pos\u00fadenie<br \/>\nPuzzle Moments s rados\u0165ou prijme vr\u00e1tenie tovaru na prehodnotenie, pokia\u013e \u017eiados\u0165 o vr\u00e1tenie pr\u00edde do 5 dn\u00ed od prijatia v\u00fdrobku a v\u00fdrobok sa n\u00e1m vr\u00e1ti v p\u00f4vodnom obale, nepou\u017eit\u00fd a v uzatv\u00e1rate\u013enom stave. Spiato\u010dn\u00fa prepravu si z\u00e1kazn\u00edk hrad\u00ed s\u00e1m a mus\u00ed si zabezpe\u010di\u0165 vlastn\u00fa dopravu. Po prijat\u00ed a schv\u00e1len\u00ed vr\u00e1tenia pe\u0148az\u00ed bude vr\u00e1tenie pe\u0148az\u00ed spracovan\u00e9. Budeme v\u00e1s informova\u0165 e-mailom. Puzzle Moments vr\u00e1ti hodnotu vr\u00e1ten\u00e9ho tovaru, ale nevr\u00e1ti hodnotu zaplatenej dod\u00e1vky.<\/p>\n<p>3.2 Zaru\u010den\u00e9 v\u00fdnosy<\/p>\n<p>Spolo\u010dnos\u0165 Puzzle Moments rada uzn\u00e1 platn\u00e9 z\u00e1ru\u010dn\u00e9 reklam\u00e1cie za predpokladu, \u017ee reklam\u00e1cia bude podan\u00e1 do 30 dn\u00ed od prevzatia v\u00fdrobkov. Z\u00e1kazn\u00edci musia vopred uhradi\u0165 n\u00e1klady na vr\u00e1tenie tovaru, ale v pr\u00edpade \u00faspe\u0161nej reklam\u00e1cie v\u00e1m vr\u00e1time peniaze. Spolo\u010dnos\u0165 Puzzle Moments m\u00f4\u017ee uplatni\u0165 z\u00e1ruku do 7 dn\u00ed od vr\u00e1tenia v\u00fdrobkov. Po schv\u00e1len\u00ed z\u00e1ru\u010dnej reklam\u00e1cie sa v\u00e1m zobraz\u00ed nasleduj\u00faca mo\u017enos\u0165: (a) \u00fahrada na z\u00e1klade sp\u00f4sobu platby (b) vr\u00e1tenie pe\u0148az\u00ed vo forme kreditu na n\u00e1kup (c) v\u00fdrobok v\u00e1m vymen\u00edme (ak ho m\u00e1me na sklade).<\/p>\n<p>4. Dodacie podmienky<br \/>\n4.1 Tranzitn\u00fd \u010das<br \/>\nObjedn\u00e1vky odosielan\u00e9 v r\u00e1mci E\u00da m\u00f4\u017eu by\u0165 prepravovan\u00e9 3-10 dn\u00ed (v priemere 5 dn\u00ed) v z\u00e1vislosti od dostupnosti a vybran\u00e9ho produktu.<\/p>\n<p>4.2 \u010cas vyslania<br \/>\nObjedn\u00e1vky sa zvy\u010dajne odosielaj\u00fa do 2-5 pracovn\u00fdch dn\u00ed od zaplatenia.<br \/>\nNa\u0161e sklady s\u00fa otvoren\u00e9 od pondelka do piatku po\u010das be\u017enej pracovnej doby, okrem \u0161t\u00e1tnych sviatkov, ke\u010f je sklad zatvoren\u00fd. V takom pr\u00edpade podnikneme kroky na zabezpe\u010denie toho, aby sa oneskorenie doru\u010denia obmedzilo na minimum.<\/p>\n<p>4.3 Zmena doru\u010dovacej adresy<br \/>\nM\u00f4\u017eete po\u017eiada\u0165 o zmenu doru\u010dovacej adresy, adresu m\u00f4\u017eeme zmeni\u0165 kedyko\u013evek pred odoslan\u00edm objedn\u00e1vky.<\/p>\n<p>4.4 Ch\u00fdbaj\u00face v\u00fdrobky na sklade<br \/>\nAk v\u00fdrobok nie je na sklade, pred odoslan\u00edm objedn\u00e1vky po\u010dk\u00e1me, k\u00fdm bude v\u00fdrobok op\u00e4\u0165 k dispoz\u00edcii. V\u00fdrobky, ktor\u00e9 m\u00e1te na sklade, pre v\u00e1s podr\u017e\u00edme, k\u00fdm po\u010dk\u00e1me na op\u00e4tovn\u00e9 dodanie ch\u00fdbaj\u00faceho v\u00fdrobku.<\/p>\n<p>4.5 Prekro\u010denie \u010dasu dodania<br \/>\nAk je dodacia lehota dlh\u0161ia ako odhadovan\u00fd \u010das, kontaktujte n\u00e1s, aby sme situ\u00e1ciu pre\u0161etrili.<\/p>\n<p>5. Sledovanie ozn\u00e1men\u00ed<br \/>\nV \u010dase odoslania dostan\u00fa opr\u00e1vnen\u00ed z\u00e1kazn\u00edci odkaz na sledovanie, prostredn\u00edctvom ktor\u00e9ho m\u00f4\u017eu sledova\u0165 priebeh doru\u010denia na z\u00e1klade najnov\u0161\u00edch aktualiz\u00e1ci\u00ed, ktor\u00e9 poskytol poskytovate\u013e doru\u010dovac\u00edch slu\u017eieb.<\/p>\n<p>6. Po\u0161koden\u00e9 bal\u00edky pri preprave<br \/>\nAk zist\u00edte, \u017ee bal\u00edk bol pri preprave po\u0161koden\u00fd, odmietnite ho prevzia\u0165 od kuri\u00e9ra a kontaktujte n\u00e1\u0161 z\u00e1kazn\u00edcky servis. Ak bol bal\u00edk doru\u010den\u00fd bez va\u0161ej pr\u00edtomnosti, kontaktujte z\u00e1kazn\u00edcky servis pod\u013ea nasleduj\u00facich krokov.<\/p>\n<p>7. Cl\u00e1 a dane<br \/>\n7.1 Spotrebn\u00e1 da\u0148<br \/>\nK cene tovaru uvedenej na webovej str\u00e1nke u\u017e bola pripo\u010d\u00edtan\u00e1 da\u0148 z predaja.<\/p>\n<p>8. Zru\u0161enie<br \/>\nAk si to rozmysl\u00edte e\u0161te pred doru\u010den\u00edm objedn\u00e1vky, va\u0161e zru\u0161enie akceptujeme kedyko\u013evek za predpokladu, \u017ee objedn\u00e1vka e\u0161te nebola odoslan\u00e1. Ak u\u017e bola objedn\u00e1vka odoslan\u00e1, pre\u010d\u00edtajte si na\u0161e z\u00e1sady vr\u00e1tenia pe\u0148az\u00ed.<\/p>\n<p>9. Poistenie<br \/>\nBal\u00edky s\u00fa poisten\u00e9 kuri\u00e9rom pre pr\u00edpad straty a po\u0161kodenia do stanovenej hodnoty.<\/p>\n<p>9.1 Postup v pr\u00edpade bal\u00edkov po\u0161koden\u00fdch pri preprave<br \/>\nVr\u00e1tenie pe\u0148az\u00ed alebo v\u00fdmena bude spracovan\u00e1 po ukon\u010den\u00ed vy\u0161etrovania reklam\u00e1cie kuri\u00e9rom.<\/p>\n<p>9.2 Postup v pr\u00edpade bal\u00edkov straten\u00fdch po\u010das prepravy<br \/>\nVr\u00e1tenie pe\u0148az\u00ed alebo v\u00fdmena sa uskuto\u010dn\u00ed, ke\u010f kuri\u00e9r skontroluje a us\u00fadi, \u017ee sa z\u00e1sielka stratila.<\/p>\n<p>10. Z\u00e1kazn\u00edcky servis<\/p>\n<p>V pr\u00edpade ak\u00fdchko\u013evek ot\u00e1zok t\u00fdkaj\u00facich sa slu\u017eieb z\u00e1kazn\u00edkom n\u00e1s kontaktujte na adrese info@puzzlemoments.eu.<\/p>\n<\/div>\n<\/div>\n<\/div>\n<\/div>\n<\/div>\n<\/section>\n<\/div>\n<\/div>\n<\/div>\n<p>&nbsp;<\/p>\n<\/div>\n","protected":false},"excerpt":{"rendered":"<p>Dopravn\u00e9 predpisy Krajiny prepravy: Rak\u00fasko, Slovensko Slu\u017eba doru\u010dovania bal\u00edkov: Express One Objednan\u00edm produktu z tejto webovej str\u00e1nky (https:\/\/www.puzzlemoments.eu) s\u00fahlas\u00edte s nasleduj\u00facimi podmienkami, ako aj so v\u0161eobecn\u00fdmi podmienkami. Tie zabezpe\u010duj\u00fa, \u017ee obe strany s\u00fa si vedom\u00e9 tejto dohody a s\u00fahlasia so vz\u00e1jomnou ochranou a o\u010dak\u00e1vaniami od na\u0161ich slu\u017eieb. 1. V\u0161eobecne Do vypredania z\u00e1sob. Na na\u0161ej webovej [&hellip;]<\/p>\n","protected":false},"author":2,"featured_media":0,"parent":0,"menu_order":0,"comment_status":"closed","ping_status":"closed","template":"","meta":{"_et_pb_use_builder":"","_et_pb_old_content":"","_et_gb_content_width":"","footnotes":""},"class_list":["post-4682","page","type-page","status-publish","hentry"],"acf":[],"_links":{"self":[{"href":"https:\/\/www.puzzlemoments.eu\/sk\/wp-json\/wp\/v2\/pages\/4682","targetHints":{"allow":["GET"]}}],"collection":[{"href":"https:\/\/www.puzzlemoments.eu\/sk\/wp-json\/wp\/v2\/pages"}],"about":[{"href":"https:\/\/www.puzzlemoments.eu\/sk\/wp-json\/wp\/v2\/types\/page"}],"author":[{"embeddable":true,"href":"https:\/\/www.puzzlemoments.eu\/sk\/wp-json\/wp\/v2\/users\/2"}],"replies":[{"embeddable":true,"href":"https:\/\/www.puzzlemoments.eu\/sk\/wp-json\/wp\/v2\/comments?post=4682"}],"version-history":[{"count":2,"href":"https:\/\/www.puzzlemoments.eu\/sk\/wp-json\/wp\/v2\/pages\/4682\/revisions"}],"predecessor-version":[{"id":4707,"href":"https:\/\/www.puzzlemoments.eu\/sk\/wp-json\/wp\/v2\/pages\/4682\/revisions\/4707"}],"wp:attachment":[{"href":"https:\/\/www.puzzlemoments.eu\/sk\/wp-json\/wp\/v2\/media?parent=4682"}],"curies":[{"name":"wp","href":"https:\/\/api.w.org\/{rel}","templated":true}]}}