

{"id":4463,"date":"2022-01-24T20:45:13","date_gmt":"2022-01-24T20:45:13","guid":{"rendered":"https:\/\/www.puzzlemoments.eu\/termek\/jelenom-drevene-puzzle\/"},"modified":"2023-11-05T10:19:39","modified_gmt":"2023-11-05T10:19:39","slug":"jelenom-drevene-puzzle","status":"publish","type":"product","link":"https:\/\/www.puzzlemoments.eu\/sk\/puzzle\/jelenom-drevene-puzzle\/","title":{"rendered":"Jele\u0148om Dreven\u00e9 Puzzle"},"content":{"rendered":"","protected":false},"excerpt":{"rendered":"<p>V\u0161etky na\u0161e v\u00fdrobky s\u00fa ru\u010dne kreslen\u00e9 a vyr\u00e1ban\u00e9 individu\u00e1lne. Je vyroben\u00e1 z bukovej a brezovej preglejky, ktor\u00e1 sa vyr\u00e1ba pomocou presn\u00fdch strojov. V strede ka\u017edej sklada\u010dky je mal\u00e1 verzia \u017eivo\u010d\u00edcha a okolo nej s\u00fa rozmiestnen\u00e9 zn\u00e1me biotopy, v ktor\u00fdch sa \u017eivo\u010d\u00edch vyskytuje.<\/p>\n","protected":false},"featured_media":4464,"comment_status":"open","ping_status":"closed","template":"","meta":{"_et_pb_use_builder":"","_et_pb_old_content":"","_et_gb_content_width":""},"product_cat":[58],"product_tag":[],"class_list":["post-4463","product","type-product","status-publish","has-post-thumbnail","hentry","product_cat-drevene-puzzle"],"acf":[],"_links":{"self":[{"href":"https:\/\/www.puzzlemoments.eu\/sk\/wp-json\/wp\/v2\/product\/4463","targetHints":{"allow":["GET"]}}],"collection":[{"href":"https:\/\/www.puzzlemoments.eu\/sk\/wp-json\/wp\/v2\/product"}],"about":[{"href":"https:\/\/www.puzzlemoments.eu\/sk\/wp-json\/wp\/v2\/types\/product"}],"replies":[{"embeddable":true,"href":"https:\/\/www.puzzlemoments.eu\/sk\/wp-json\/wp\/v2\/comments?post=4463"}],"wp:featuredmedia":[{"embeddable":true,"href":"https:\/\/www.puzzlemoments.eu\/sk\/wp-json\/wp\/v2\/media\/4464"}],"wp:attachment":[{"href":"https:\/\/www.puzzlemoments.eu\/sk\/wp-json\/wp\/v2\/media?parent=4463"}],"wp:term":[{"taxonomy":"product_cat","embeddable":true,"href":"https:\/\/www.puzzlemoments.eu\/sk\/wp-json\/wp\/v2\/product_cat?post=4463"},{"taxonomy":"product_tag","embeddable":true,"href":"https:\/\/www.puzzlemoments.eu\/sk\/wp-json\/wp\/v2\/product_tag?post=4463"}],"curies":[{"name":"wp","href":"https:\/\/api.w.org\/{rel}","templated":true}]}}